{"id":787,"date":"2019-12-07T20:36:13","date_gmt":"2019-12-07T20:36:13","guid":{"rendered":"https:\/\/wunderlich2025.koelntotal.de?page_id=3"},"modified":"2025-07-09T10:31:45","modified_gmt":"2025-07-09T10:31:45","slug":"privacy-policy-2","status":"publish","type":"page","link":"https:\/\/wunderlich2025.koelntotal.de\/?page_id=787","title":{"rendered":"Impressum"},"content":{"rendered":"\r\n<p>&nbsp;<\/p>\r\n<p>&nbsp;<\/p>\r\n<p><strong>Wunderlich<br \/>Geb\u00e4udereinigung- Dienstleistungs GmbH<\/strong><br \/>Clevischer Ring 127,<br \/>51063 K\u00f6ln<\/p>\r\n<div class=\"mod\" lang=\"de-DE\" data-attrid=\"kc:\/collection\/knowledge_panels\/has_phone:phone\" data-md=\"1006\" data-hveid=\"CAsQLA\" data-ved=\"2ahUKEwifw6238oXeAhVeIDQIHepDCbgQkCkoAzARegQICxAs\">\r\n<div class=\"Z1hOCe\">\r\n<div class=\"zloOqf kno-fb-ctx\" data-dtype=\"d3ifr\" data-local-attribute=\"d3ph\" data-ved=\"2ahUKEwifw6238oXeAhVeIDQIHepDCbgQ8I0BKAAwEXoECAsQLQ\"><span class=\"w8qArf\">Telefon:\u00a0<\/span><span class=\"LrzXr zdqRlf kno-fv\">0221 634072<\/span><\/div>\r\n<\/div>\r\n<\/div>\r\n<p>E-Mail:\u00a0<a href=\"mailto:info@fw-dienstleistung.de\">info@fw-dienstleistung.de<\/a><\/p>\r\n<p><strong>Gesch\u00e4ftsf\u00fchrer:<\/strong>\u00a0Franz Wunderlich, Mike Wunderlich<\/p>\r\n<p><b>Registereintrag<\/b><br \/>AG K\u00f6ln<br \/>HRB 18515<\/p>\r\n<p class=\"texte\"><b>Haftung f\u00fcr Inhalte<\/b><br \/>Die Inhalte unserer Seiten wurden mit gr\u00f6\u00dfter Sorgfalt erstellt. F\u00fcr die Richtigkeit, Vollst\u00e4ndigkeit und Aktualit\u00e4t der Inhalte k\u00f6nnen wir jedoch keine Gew\u00e4hr \u00fcbernehmen. Als Diensteanbieter sind wir gem\u00e4\u00df \u00a7\u00a07\u00a0TMG f\u00fcr eigene Inhalte auf diesen Seiten nach den allgemeinen Gesetzen verantwortlich. Diensteanbieter sind jedoch nicht verpflichtet, die von ihnen \u00fcbermittelten oder gespeicherten fremden Informationen zu \u00fcberwachen oder nach Umst\u00e4nden zu forschen, die auf eine rechtswidrige T\u00e4tigkeit hinweisen. Verpflichtungen zur Entfernung oder Sperrung der Nutzung von Informationen nach den allgemeinen Gesetzen bleiben hiervon unber\u00fchrt. Eine diesbez\u00fcgliche Haftung ist jedoch erst ab dem Zeitpunkt der Kenntnis einer konkreten Rechts\u00adverletzung m\u00f6glich. Bei Bekanntwerden von entsprechenden Rechts\u00adverletzungen werden wir diese Inhalte umgehend entfernen.<\/p>\r\n<p class=\"texte\"><b>Haftung f\u00fcr Links<\/b><br \/>Unser Angebot enth\u00e4lt Links zu externen Webseiten Dritter, auf deren Inhalte wir keinen Einfluss haben. Deshalb k\u00f6nnen wir f\u00fcr diese fremden Inhalte auch keine Gew\u00e4hr \u00fcbernehmen. F\u00fcr die Inhalte der verlinkten Seiten ist stets der jeweilige Anbieter oder Betreiber der Seiten verantwortlich. Die verlinkten Seiten wurden zum Zeitpunkt der Verlinkung auf m\u00f6gliche Rechtsverst\u00f6\u00dfe \u00fcberpr\u00fcft. Rechtswidrige Inhalte waren zum Zeitpunkt der Verlinkung nicht erkennbar. Eine permanente inhaltliche Kontrolle der verlinkten Seiten ist jedoch ohne konkrete Anhaltspunkte einer Rechts\u00adverletzung nicht zumutbar. Bei Bekanntwerden von Rechts\u00adverletzungen werden wir derartige Links umgehend entfernen.<\/p>\r\n","protected":false},"excerpt":{"rendered":"<p>&nbsp; &nbsp; WunderlichGeb\u00e4udereinigung- Dienstleistungs GmbHClevischer Ring 127,51063 K\u00f6ln Telefon:\u00a00221 634072 E-Mail:\u00a0info@fw-dienstleistung.de Gesch\u00e4ftsf\u00fchrer:\u00a0Franz Wunderlich, Mike Wunderlich RegistereintragAG K\u00f6lnHRB 18515 Haftung f\u00fcr InhalteDie Inhalte unserer Seiten wurden mit gr\u00f6\u00dfter Sorgfalt erstellt. F\u00fcr die Richtigkeit, Vollst\u00e4ndigkeit und Aktualit\u00e4t der Inhalte k\u00f6nnen wir jedoch keine Gew\u00e4hr \u00fcbernehmen. Als Diensteanbieter sind wir gem\u00e4\u00df \u00a7\u00a07\u00a0TMG f\u00fcr eigene Inhalte auf diesen Seiten [&hellip;]<\/p>\n","protected":false},"author":1,"featured_media":0,"parent":0,"menu_order":0,"comment_status":"closed","ping_status":"open","template":"","meta":{"footnotes":""},"class_list":["post-787","page","type-page","status-publish","hentry"],"_links":{"self":[{"href":"https:\/\/wunderlich2025.koelntotal.de\/index.php?rest_route=\/wp\/v2\/pages\/787","targetHints":{"allow":["GET"]}}],"collection":[{"href":"https:\/\/wunderlich2025.koelntotal.de\/index.php?rest_route=\/wp\/v2\/pages"}],"about":[{"href":"https:\/\/wunderlich2025.koelntotal.de\/index.php?rest_route=\/wp\/v2\/types\/page"}],"author":[{"embeddable":true,"href":"https:\/\/wunderlich2025.koelntotal.de\/index.php?rest_route=\/wp\/v2\/users\/1"}],"replies":[{"embeddable":true,"href":"https:\/\/wunderlich2025.koelntotal.de\/index.php?rest_route=%2Fwp%2Fv2%2Fcomments&post=787"}],"version-history":[{"count":2,"href":"https:\/\/wunderlich2025.koelntotal.de\/index.php?rest_route=\/wp\/v2\/pages\/787\/revisions"}],"predecessor-version":[{"id":1156,"href":"https:\/\/wunderlich2025.koelntotal.de\/index.php?rest_route=\/wp\/v2\/pages\/787\/revisions\/1156"}],"wp:attachment":[{"href":"https:\/\/wunderlich2025.koelntotal.de\/index.php?rest_route=%2Fwp%2Fv2%2Fmedia&parent=787"}],"curies":[{"name":"wp","href":"https:\/\/api.w.org\/{rel}","templated":true}]}}